{"id":53,"date":"2023-01-28T23:47:59","date_gmt":"2023-01-28T22:47:59","guid":{"rendered":"http:\/\/leonie-maray.fr\/?page_id=53"},"modified":"2023-01-28T23:47:59","modified_gmt":"2023-01-28T22:47:59","slug":"autres-professionnels","status":"publish","type":"page","link":"https:\/\/leonie-maray.fr\/?page_id=53","title":{"rendered":"Autres professionnels"},"content":{"rendered":"\n<div class=\"wp-block-cover alignfull\" style=\"min-height:307px;aspect-ratio:unset;\"><span aria-hidden=\"true\" class=\"wp-block-cover__background has-background-dim\"><\/span><img loading=\"lazy\" decoding=\"async\" width=\"1800\" height=\"652\" class=\"wp-block-cover__image-background wp-image-118\" alt=\"\" src=\"https:\/\/leonie-maray.fr\/wp-content\/uploads\/2023\/01\/image-plaisante.jpg\" data-object-fit=\"cover\" srcset=\"https:\/\/leonie-maray.fr\/wp-content\/uploads\/2023\/01\/image-plaisante.jpg 1800w, https:\/\/leonie-maray.fr\/wp-content\/uploads\/2023\/01\/image-plaisante-600x217.jpg 600w, https:\/\/leonie-maray.fr\/wp-content\/uploads\/2023\/01\/image-plaisante-300x109.jpg 300w, https:\/\/leonie-maray.fr\/wp-content\/uploads\/2023\/01\/image-plaisante-1024x371.jpg 1024w, https:\/\/leonie-maray.fr\/wp-content\/uploads\/2023\/01\/image-plaisante-768x278.jpg 768w, https:\/\/leonie-maray.fr\/wp-content\/uploads\/2023\/01\/image-plaisante-1536x556.jpg 1536w\" sizes=\"auto, (max-width: 1800px) 100vw, 1800px\" \/><div class=\"wp-block-cover__inner-container is-layout-flow wp-block-cover-is-layout-flow\">\n<h2 class=\"has-text-align-center has-large-font-size wp-block-heading\">Mes recommandations pour vous<\/h2>\n\n\n\n<p class=\"has-text-align-center\">Il existe d&rsquo;autres m\u00e9decines alternatives, autre que celle que je pratique. Je vais vous recommander <br>quelques professionnels du secteur qui sont pour moi des personnes de confiance.<\/p>\n<\/div><\/div>\n\n\n\n<div class=\"wp-block-media-text alignwide is-stacked-on-mobile\" style=\"grid-template-columns:45% auto\"><figure class=\"wp-block-media-text__media\"><img loading=\"lazy\" decoding=\"async\" width=\"1024\" height=\"1024\" src=\"https:\/\/leonie-maray.fr\/wp-content\/uploads\/2023\/01\/image-myriam-1024x1024.png\" alt=\"\" class=\"wp-image-120 size-full\" srcset=\"https:\/\/leonie-maray.fr\/wp-content\/uploads\/2023\/01\/image-myriam-1024x1024.png 1024w, https:\/\/leonie-maray.fr\/wp-content\/uploads\/2023\/01\/image-myriam-160x160.png 160w, https:\/\/leonie-maray.fr\/wp-content\/uploads\/2023\/01\/image-myriam-600x600.png 600w, https:\/\/leonie-maray.fr\/wp-content\/uploads\/2023\/01\/image-myriam-300x300.png 300w, https:\/\/leonie-maray.fr\/wp-content\/uploads\/2023\/01\/image-myriam-150x150.png 150w, https:\/\/leonie-maray.fr\/wp-content\/uploads\/2023\/01\/image-myriam-768x768.png 768w, https:\/\/leonie-maray.fr\/wp-content\/uploads\/2023\/01\/image-myriam-1536x1536.png 1536w, https:\/\/leonie-maray.fr\/wp-content\/uploads\/2023\/01\/image-myriam-2048x2048.png 2048w\" sizes=\"auto, (max-width: 1024px) 100vw, 1024px\" \/><\/figure><div class=\"wp-block-media-text__content\">\n<h2 class=\"wp-block-heading\">Myriam Magnin<\/h2>\n\n\n\n<p><strong>Th\u00e9rapie manuelle et \u00e9nerg\u00e9tique sur Amplepuis<\/strong><\/p>\n\n\n\n<p>\u00ab\u00a0Je vous accueille dans mon cabinet situ\u00e9 sur les hauteurs d&rsquo;Amplepuis (69550) et vous propose des soins tels que la th\u00e9rapie manuelle et \u00e9nerg\u00e9tique, le Tui Na, l&rsquo;acupuncture, la moxibustion ou encore le quantum touch. Toutes ces pratiques sont bas\u00e9es sur les th\u00e9ories de la m\u00e9decine traditionnelle chinoise. Pour plus de d\u00e9tails, lisez la section concernant la th\u00e9rapie.\u00a0\u00bb<\/p>\n<\/div><\/div>\n\n\n\n<div class=\"wp-block-media-text alignwide has-media-on-the-right is-stacked-on-mobile\" style=\"grid-template-columns:auto 46%\"><div class=\"wp-block-media-text__content\">\n<h2 class=\"wp-block-heading\">Lucille Duret <\/h2>\n\n\n\n<p><strong>Pratricien en Naturopathie sur St Loup<\/strong><\/p>\n\n\n\n<p class=\"has-small-font-size\">\u00ab\u00a0La naturopathie est certes une pratique, mais j\u2019aime \u00e0 dire que c\u2019est \u00e9galement une philosophie de vie. Son objectif est de redonner ou de cultiver l\u2019ensemble de ses capacit\u00e9s d\u2019auto-gu\u00e9rison. Car oui, l\u2019organisme a cette facult\u00e9 (trop souvent oubli\u00e9e), de se r\u00e9guler lui-m\u00eame : une mont\u00e9e en temp\u00e9rature, une \u00e9ruption cutan\u00e9e, ou encore un \u00e9ternuement, sont autant de manifestations de ce processus ! Ces sympt\u00f4mes d\u00e9coulent uniquement de cette recherche constante d\u2019hom\u00e9ostasie, ou autrement dit, d\u2019\u00e9quilibre et d\u2019harmonie de chacun de nos syst\u00e8mes.<\/p>\n\n\n\n<p class=\"has-small-font-size\">\u00ab Le sympt\u00f4me fait d\u00e9j\u00e0 partie de la gu\u00e9rison \u00bb<\/p>\n\n\n\n<p class=\"has-small-font-size\">Pour y parvenir, notre corps nous demande une seule chose : r\u00e9pondre \u00e0 ses besoins. Ceux-ci sont \u00e9videmment d\u2019ordre physique, mais la notion \u00ab holistique \u00bb de cette naturopathie que je propose, prend \u00e9galement en compte les besoins mentaux, \u00e9motionnels et spirituels. Ces quatre plans, agissant en synergie, sont les cl\u00e9s de notre bien-\u00eatre. En fin de compte, la naturopathie est au service de chacun d\u2019eux, elle veille \u00e0 leur \u00e9panouissement. Voici ce sur quoi elle s\u2019appuie, les valeurs qu\u2019elle partage, et ses fondements : l&rsquo;holisme, la causalisme, l&rsquo;hygi\u00e9nisme, le vitalisme, l&rsquo;unicit\u00e9 et le terrain.\u00a0\u00bb<\/p>\n<\/div><figure class=\"wp-block-media-text__media\"><img loading=\"lazy\" decoding=\"async\" width=\"347\" height=\"347\" src=\"https:\/\/leonie-maray.fr\/wp-content\/uploads\/2023\/01\/durect-lucille-naturopathie-2.png\" alt=\"\" class=\"wp-image-121 size-full\" srcset=\"https:\/\/leonie-maray.fr\/wp-content\/uploads\/2023\/01\/durect-lucille-naturopathie-2.png 347w, https:\/\/leonie-maray.fr\/wp-content\/uploads\/2023\/01\/durect-lucille-naturopathie-2-160x160.png 160w, https:\/\/leonie-maray.fr\/wp-content\/uploads\/2023\/01\/durect-lucille-naturopathie-2-300x300.png 300w, https:\/\/leonie-maray.fr\/wp-content\/uploads\/2023\/01\/durect-lucille-naturopathie-2-150x150.png 150w\" sizes=\"auto, (max-width: 347px) 100vw, 347px\" \/><\/figure><\/div>\n","protected":false},"excerpt":{"rendered":"<p>Myriam Magnin Th\u00e9rapie manuelle et \u00e9nerg\u00e9tique sur Amplepuis \u00ab\u00a0Je vous accueille dans mon cabinet situ\u00e9 sur les hauteurs d&rsquo;Amplepuis (69550) et vous propose des soins tels que la th\u00e9rapie manuelle et \u00e9nerg\u00e9tique, le Tui Na, l&rsquo;acupuncture, la moxibustion ou encore le quantum touch. Toutes ces pratiques sont bas\u00e9es sur les [&hellip;]<\/p>\n","protected":false},"author":1,"featured_media":0,"parent":0,"menu_order":0,"comment_status":"closed","ping_status":"closed","template":"","meta":{"footnotes":""},"class_list":["post-53","page","type-page","status-publish","hentry"],"_links":{"self":[{"href":"https:\/\/leonie-maray.fr\/index.php?rest_route=\/wp\/v2\/pages\/53","targetHints":{"allow":["GET"]}}],"collection":[{"href":"https:\/\/leonie-maray.fr\/index.php?rest_route=\/wp\/v2\/pages"}],"about":[{"href":"https:\/\/leonie-maray.fr\/index.php?rest_route=\/wp\/v2\/types\/page"}],"author":[{"embeddable":true,"href":"https:\/\/leonie-maray.fr\/index.php?rest_route=\/wp\/v2\/users\/1"}],"replies":[{"embeddable":true,"href":"https:\/\/leonie-maray.fr\/index.php?rest_route=%2Fwp%2Fv2%2Fcomments&post=53"}],"version-history":[{"count":4,"href":"https:\/\/leonie-maray.fr\/index.php?rest_route=\/wp\/v2\/pages\/53\/revisions"}],"predecessor-version":[{"id":125,"href":"https:\/\/leonie-maray.fr\/index.php?rest_route=\/wp\/v2\/pages\/53\/revisions\/125"}],"wp:attachment":[{"href":"https:\/\/leonie-maray.fr\/index.php?rest_route=%2Fwp%2Fv2%2Fmedia&parent=53"}],"curies":[{"name":"wp","href":"https:\/\/api.w.org\/{rel}","templated":true}]}}